{"id":67,"date":"2024-09-12T09:27:29","date_gmt":"2024-09-12T07:27:29","guid":{"rendered":"https:\/\/nolimit4life.com\/?page_id=67"},"modified":"2024-09-13T17:12:11","modified_gmt":"2024-09-13T15:12:11","slug":"accueil","status":"publish","type":"page","link":"https:\/\/nolimit4life.com\/","title":{"rendered":"Accueil"},"content":{"rendered":"\n<p class=\"has-text-align-left has-black-color has-text-color has-link-color wp-elements-85e75d5682b92c4971f9e6b761902817\">Depuis toujours, le sport automobile est synonyme de vitesse, d&#8217;adr\u00e9naline, et de passion. Pourtant, pour beaucoup, ce monde reste inaccessible, surtout pour les personnes en situation de handicap ou les enfants hospitalis\u00e9s depuis de longues p\u00e9riodes.<br><br>C\u2019est pour eux que l\u2019association&nbsp;No Limit 4 Life<strong>&nbsp;<\/strong>a \u00e9t\u00e9 cr\u00e9\u00e9e, avec un objectif simple mais puissant : <mark style=\"background-color:rgba(0, 0, 0, 0)\" class=\"has-inline-color has-luminous-vivid-orange-color\">rendre le sport automobile accessible \u00e0 tous, sans exception<\/mark>.<br><br>Fond\u00e9e par un groupe d&#8217;amis unis par leur amour du sport automobile,&nbsp;No Limit 4 Life<strong>&nbsp;<\/strong>a vu le jour avec l\u2019id\u00e9e de partager cette passion avec ceux qui n\u2019ont jamais eu la chance de prendre place derri\u00e8re un volant sur un circuit. Notre mission est de lever ces barri\u00e8res, en offrant des exp\u00e9riences uniques sur les circuits de <mark style=\"background-color:rgba(0, 0, 0, 0)\" class=\"has-inline-color has-luminous-vivid-orange-color\">karting<\/mark> et les pistes automobiles, comme notamment la <mark style=\"background-color:rgba(0, 0, 0, 0)\" class=\"has-inline-color has-luminous-vivid-orange-color\">Fun Cup<\/mark>, pour que chacun puisse go\u00fbter \u00e0 l&#8217;excitation du pilotage.<\/p>\n\n\n\n<div class=\"wp-block-buttons is-layout-flex wp-block-buttons-is-layout-flex\"><\/div>\n\n\n\n<p><\/p>\n","protected":false},"excerpt":{"rendered":"<p>Depuis toujours, le sport automobile est synonyme de vitesse, d&#8217;adr\u00e9naline, et de passion. Pourtant, pour beaucoup, ce monde reste inaccessible, surtout pour les personnes en situation de handicap ou les enfants hospitalis\u00e9s depuis de longues p\u00e9riodes. C\u2019est pour eux que l\u2019association&nbsp;No Limit 4 Life&nbsp;a \u00e9t\u00e9 cr\u00e9\u00e9e, avec un objectif simple mais puissant : rendre le &hellip; <\/p>\n<p class=\"link-more\"><a href=\"https:\/\/nolimit4life.com\/\" class=\"more-link\">Continuer la lecture<span class=\"screen-reader-text\"> de &laquo;&nbsp;Accueil&nbsp;&raquo;<\/span><\/a><\/p>\n","protected":false},"author":1,"featured_media":107,"parent":0,"menu_order":0,"comment_status":"closed","ping_status":"closed","template":"","meta":{"footnotes":""},"class_list":["post-67","page","type-page","status-publish","has-post-thumbnail","hentry"],"_links":{"self":[{"href":"https:\/\/nolimit4life.com\/index.php\/wp-json\/wp\/v2\/pages\/67","targetHints":{"allow":["GET"]}}],"collection":[{"href":"https:\/\/nolimit4life.com\/index.php\/wp-json\/wp\/v2\/pages"}],"about":[{"href":"https:\/\/nolimit4life.com\/index.php\/wp-json\/wp\/v2\/types\/page"}],"author":[{"embeddable":true,"href":"https:\/\/nolimit4life.com\/index.php\/wp-json\/wp\/v2\/users\/1"}],"replies":[{"embeddable":true,"href":"https:\/\/nolimit4life.com\/index.php\/wp-json\/wp\/v2\/comments?post=67"}],"version-history":[{"count":6,"href":"https:\/\/nolimit4life.com\/index.php\/wp-json\/wp\/v2\/pages\/67\/revisions"}],"predecessor-version":[{"id":145,"href":"https:\/\/nolimit4life.com\/index.php\/wp-json\/wp\/v2\/pages\/67\/revisions\/145"}],"wp:featuredmedia":[{"embeddable":true,"href":"https:\/\/nolimit4life.com\/index.php\/wp-json\/wp\/v2\/media\/107"}],"wp:attachment":[{"href":"https:\/\/nolimit4life.com\/index.php\/wp-json\/wp\/v2\/media?parent=67"}],"curies":[{"name":"wp","href":"https:\/\/api.w.org\/{rel}","templated":true}]}}