{"id":3,"date":"2024-04-09T20:05:36","date_gmt":"2024-04-09T18:05:36","guid":{"rendered":"http:\/\/nolimit4life.com\/?page_id=3"},"modified":"2024-09-15T01:01:36","modified_gmt":"2024-09-14T23:01:36","slug":"mentions_legales","status":"publish","type":"page","link":"https:\/\/nolimit4life.com\/index.php\/mentions_legales\/","title":{"rendered":"Mentions l\u00e9gales"},"content":{"rendered":"\n<p>Conform\u00e9ment aux disposition de la loi n\u00b02004-575 du 21 juin 2004 pour la Confiance en l&#8217;\u00e9conomie num\u00e9rique, il est port\u00e9 \u00e0 la connaissance des utilisateurs et visiteurs, ci-apr\u00e8s l&#8217; &#8220;<strong>Utilisateur<\/strong>&#8220;, du site <mark style=\"background-color:rgba(0, 0, 0, 0)\" class=\"has-inline-color has-luminous-vivid-orange-color\">www.nolimit4life.com<\/mark>, ci-apr\u00e8s le &#8220;<strong>Site<\/strong>&#8220;, les pr\u00e9sentes mentions l\u00e9gales.<\/p>\n\n\n\n<p>La connexion et la navigation sur le Site par l&#8217;Utilisateur implique acceptation int\u00e9grale et sans r\u00e9serve des pr\u00e9sentes mentions l\u00e9gales.<\/p>\n\n\n\n<p>Ces derni\u00e8res sont accessibles sur le Site \u00e0 la rubrique &#8220;<strong>Mentions l\u00e9gales<\/strong>&#8220;.<\/p>\n\n\n\n<p>Date de mise \u00e0 jour de ces mentions l\u00e9gales : 15\/09\/2024<\/p>\n\n\n\n<h1 class=\"wp-block-heading\"><mark style=\"background-color:rgba(0, 0, 0, 0)\" class=\"has-inline-color has-luminous-vivid-orange-color\">Edition du site<\/mark><\/h1>\n\n\n\n<p>L&#8217;\u00e9dition du Site est assur\u00e9e par l&#8217;association <mark style=\"background-color:rgba(0, 0, 0, 0)\" class=\"has-inline-color has-luminous-vivid-orange-color\">No Limit 4 Life<\/mark>.<\/p>\n\n\n\n<p>Le Site est la propri\u00e9t\u00e9 exclusive de l&#8217;association No Limit 4 Life.<\/p>\n\n\n\n<ul class=\"wp-block-list\">\n<li>D\u00e9nomination : NL4L<\/li>\n\n\n\n<li>Structure juridique : association d\u00e9clar\u00e9e<\/li>\n\n\n\n<li>Siret : 93252803700017<\/li>\n\n\n\n<li>Code APE : 93.12Z &#8211; Activit\u00e9s de clubs de sports<\/li>\n<\/ul>\n\n\n\n<p><strong>Coordonn\u00e9es : <\/strong><\/p>\n\n\n\n<ul class=\"wp-block-list\">\n<li>Si\u00e8ge sociale : 3 rue des Bouvreuils 59350 Saint-Andr\u00e9-Lez-Lille<\/li>\n\n\n\n<li>Contact : bertrand@nolimit4life.com<\/li>\n\n\n\n<li>Directeur de la publication : Bertrand CIESLAK<\/li>\n<\/ul>\n\n\n\n<p><\/p>\n\n\n\n<h1 class=\"wp-block-heading\"><mark style=\"background-color:rgba(0, 0, 0, 0)\" class=\"has-inline-color has-luminous-vivid-orange-color\">Cr\u00e9ation et H\u00e9bergement<\/mark><\/h1>\n\n\n\n<p>Cr\u00e9ation : La conception, le graphisme, le d\u00e9veloppement et le r\u00e9f\u00e9rencement du Site sont l&#8217;\u0153uvre de No Limit 4 Life.<\/p>\n\n\n\n<p>Cr\u00e9dits photos : No Limit 4 Life<\/p>\n\n\n\n<h1 class=\"wp-block-heading\"><mark style=\"background-color:rgba(0, 0, 0, 0)\" class=\"has-inline-color has-luminous-vivid-orange-color\">H\u00e9bergement du Site<\/mark><\/h1>\n\n\n\n<ul class=\"wp-block-list\">\n<li>H\u00e9bergeur : OVH<\/li>\n\n\n\n<li>Adresse : 2 rue Kellermann &#8211; BP 80157 &#8211; 59053 Roubaix Cedex 1<\/li>\n<\/ul>\n\n\n\n<h1 class=\"wp-block-heading\"><mark style=\"background-color:rgba(0, 0, 0, 0)\" class=\"has-inline-color has-luminous-vivid-orange-color\">Droits d&#8217;auteurs<\/mark><\/h1>\n\n\n\n<p>Le Site constitue une \u0153uvre originale dont l\u2019\u00e9diteur du Site est l\u2019auteur au sens des articles L111.1 et suivants du Code de la propri\u00e9t\u00e9 intellectuelle.<\/p>\n\n\n\n<p>Toute reproduction totale ou partielle, voire imitation, de cette marque ou de son logo, effectu\u00e9e \u00e0 partir des \u00e9l\u00e9ments du Site, sans l\u2019autorisation expresse de l\u2019\u00e9diteur du Site, est donc prohib\u00e9e, au sens des articles L.713-2 et L713-3 du Code de la propri\u00e9t\u00e9 intellectuelle.<\/p>\n\n\n\n<p>Il est rappel\u00e9 que toutes images, textes ou \u00e9l\u00e9ments graphiques contenus dans le pr\u00e9sent Site peuvent constituer des \u0153uvres de l\u2019esprit b\u00e9n\u00e9ficiant, ainsi, de la protection au titre du droit d\u2019auteur, selon les dispositions de ce m\u00eame Code.<\/p>\n\n\n\n<p>Toute repr\u00e9sentation ou reproduction, totale ou partielle, permanente ou temporaire, sur un support informatique et\/ou papier, et par quelque proc\u00e9d\u00e9 que ce soit (notamment par voie de framing*), de l\u2019un ou l\u2019autre des \u00e9l\u00e9ments du Site ou des services propos\u00e9s, sans l\u2019accord pr\u00e9alable et expr\u00e8s de l\u2019\u00e9diteur du Site est interdite, et constitue un acte de contrefa\u00e7on, qui pourra entra\u00eener des condamnations civiles et\/ou p\u00e9nales. Seule l\u2019impression papier est autoris\u00e9e aux fins de copie priv\u00e9e \u00e0 l\u2019usage exclusif du copiste au sens de l\u2019article L122-5 2\u00b0 du Code de la propri\u00e9t\u00e9 intellectuelle.<\/p>\n\n\n\n<p>Aucun lien hypertexte vers le Site ne peut \u00eatre install\u00e9 sans l\u2019accord pr\u00e9alable et expr\u00e8s de l\u2019\u00e9diteur du Site.<\/p>\n\n\n\n<p>*action de capter le contenu de pages d\u2019un site Internet pour le transf\u00e9rer sur son propre site Internet par le biais d\u2019un lien hypertexte, en faisant appara\u00eetre ledit contenu comme le sien.<\/p>\n\n\n\n<h1 class=\"wp-block-heading\"><mark style=\"background-color:rgba(0, 0, 0, 0)\" class=\"has-inline-color has-luminous-vivid-orange-color\">Responsabilit\u00e9<\/mark><\/h1>\n\n\n\n<p>L\u2019\u00e9diteur du Site d\u00e9cline toute responsabilit\u00e9 quant aux \u00e9ventuels dysfonctionnements pouvant survenir sur le Site et entra\u00eener une perte de donn\u00e9es ou une indisponibilit\u00e9 de l\u2019acc\u00e8s aux informations produites sur celui-ci.<\/p>\n\n\n\n<p>Les \u00e9l\u00e9ments pr\u00e9sent\u00e9s sur le Site sont susceptibles de modification sans pr\u00e9avis et sont mis \u00e0 la disposition des internautes, sans aucune garantie d\u2019aucune sorte, expresse ou tacite.<\/p>\n\n\n\n<p>L\u2019\u00e9diteur du Site ne peut garantir l\u2019exhaustivit\u00e9 et la v\u00e9racit\u00e9 des informations pr\u00e9sentes sur le Site. De la m\u00eame mani\u00e8re, il ne peut garantir l\u2019absence de modification par un tiers (intrusion, virus).<\/p>\n\n\n\n<p>En outre, l\u2019internaute est seul responsable de l\u2019utilisation qu\u2019il fait du contenu du Site. Sauf faute grave exclusive de l\u2019\u00e9diteur du Site, sa responsabilit\u00e9 ne peut \u00eatre engag\u00e9e que pour des dommages directs li\u00e9s \u00e0 l\u2019utilisation des informations produites sur le Site.<\/p>\n\n\n\n<h1 class=\"wp-block-heading\"><mark style=\"background-color:rgba(0, 0, 0, 0)\" class=\"has-inline-color has-luminous-vivid-orange-color\">Liens hypertextes<\/mark><\/h1>\n\n\n\n<p>Les liens hypertextes pr\u00e9sents sur ce Site \u2013 quel que soit l\u2019existence pr\u00e9alable ou non de l\u2019accord de l\u2019\u00e9diteur du Site \u2013 et permettant d\u2019acc\u00e9der \u00e0 d\u2019autres sites internet n\u2019engagent pas la responsabilit\u00e9 de l\u2019\u00e9diteur du Site ni de son cr\u00e9ateur, quant au contenu de ces sites.<\/p>\n\n\n\n<h1 class=\"wp-block-heading\"><mark style=\"background-color:rgba(0, 0, 0, 0)\" class=\"has-inline-color has-luminous-vivid-orange-color\">Modification<\/mark><\/h1>\n\n\n\n<p>L\u2019\u00e9diteur du Site se r\u00e9serve la possibilit\u00e9 de modifier, \u00e0 tout moment et sans pr\u00e9avis, les pr\u00e9sentes conditions d\u2019utilisation afin de les adapter aux \u00e9volutions du Site et\/ou de son exploitation.<\/p>\n\n\n\n<h1 class=\"wp-block-heading\"><mark style=\"background-color:rgba(0, 0, 0, 0)\" class=\"has-inline-color has-luminous-vivid-orange-color\">R\u00e8glement des litiges<\/mark><\/h1>\n\n\n\n<p>Le droit applicable est le droit fran\u00e7ais.<\/p>\n\n\n\n<p>Sauf application de dispositions l\u00e9gales d\u2019ordre public, seuls les tribunaux du ressort du si\u00e8ge social de l\u2019\u00e9diteur du Site sont comp\u00e9tents pour conna\u00eetre des \u00e9ventuels litiges li\u00e9s \u00e0 l\u2019utilisation du Site.<\/p>\n","protected":false},"excerpt":{"rendered":"<p>Conform\u00e9ment aux disposition de la loi n\u00b02004-575 du 21 juin 2004 pour la Confiance en l&#8217;\u00e9conomie num\u00e9rique, il est port\u00e9 \u00e0 la connaissance des utilisateurs et visiteurs, ci-apr\u00e8s l&#8217; &#8220;Utilisateur&#8220;, du site www.nolimit4life.com, ci-apr\u00e8s le &#8220;Site&#8220;, les pr\u00e9sentes mentions l\u00e9gales. La connexion et la navigation sur le Site par l&#8217;Utilisateur implique acceptation int\u00e9grale et sans &hellip; <\/p>\n<p class=\"link-more\"><a href=\"https:\/\/nolimit4life.com\/index.php\/mentions_legales\/\" class=\"more-link\">Continuer la lecture<span class=\"screen-reader-text\"> de &laquo;&nbsp;Mentions l\u00e9gales&nbsp;&raquo;<\/span><\/a><\/p>\n","protected":false},"author":1,"featured_media":0,"parent":0,"menu_order":0,"comment_status":"closed","ping_status":"open","template":"","meta":{"footnotes":""},"class_list":["post-3","page","type-page","status-publish","hentry"],"_links":{"self":[{"href":"https:\/\/nolimit4life.com\/index.php\/wp-json\/wp\/v2\/pages\/3","targetHints":{"allow":["GET"]}}],"collection":[{"href":"https:\/\/nolimit4life.com\/index.php\/wp-json\/wp\/v2\/pages"}],"about":[{"href":"https:\/\/nolimit4life.com\/index.php\/wp-json\/wp\/v2\/types\/page"}],"author":[{"embeddable":true,"href":"https:\/\/nolimit4life.com\/index.php\/wp-json\/wp\/v2\/users\/1"}],"replies":[{"embeddable":true,"href":"https:\/\/nolimit4life.com\/index.php\/wp-json\/wp\/v2\/comments?post=3"}],"version-history":[{"count":6,"href":"https:\/\/nolimit4life.com\/index.php\/wp-json\/wp\/v2\/pages\/3\/revisions"}],"predecessor-version":[{"id":259,"href":"https:\/\/nolimit4life.com\/index.php\/wp-json\/wp\/v2\/pages\/3\/revisions\/259"}],"wp:attachment":[{"href":"https:\/\/nolimit4life.com\/index.php\/wp-json\/wp\/v2\/media?parent=3"}],"curies":[{"name":"wp","href":"https:\/\/api.w.org\/{rel}","templated":true}]}}