{"id":288,"date":"2024-09-16T08:33:42","date_gmt":"2024-09-16T06:33:42","guid":{"rendered":"https:\/\/nolimit4life.com\/?page_id=288"},"modified":"2025-09-10T18:46:47","modified_gmt":"2025-09-10T16:46:47","slug":"lendurance","status":"publish","type":"page","link":"https:\/\/nolimit4life.com\/index.php\/lendurance\/","title":{"rendered":"L&#8217;endurance"},"content":{"rendered":"\n<p>Notre format de pr\u00e9dilection est la <mark style=\"background-color:rgba(0, 0, 0, 0)\" class=\"has-inline-color has-luminous-vivid-orange-color\">course d\u2019endurance<\/mark>.<\/p>\n\n\n\n<p>En sport automobile, l&#8217;endurance est une discipline qui met \u00e0 l&#8217;\u00e9preuve non seulement les performances des voitures mais aussi la r\u00e9sistance physique et mentale des pilotes.<\/p>\n\n\n\n<p>Les principales valeurs mises en avant pour r\u00e9ussir dans cette discipline sont :<\/p>\n\n\n\n<h1 class=\"wp-block-heading\"><mark style=\"background-color:rgba(0, 0, 0, 0)\" class=\"has-inline-color has-luminous-vivid-orange-color\">La pers\u00e9v\u00e9rance<\/mark><\/h1>\n\n\n\n<p>Les courses d&#8217;endurance durent souvent plusieurs heures, voire 24 heures pour des \u00e9v\u00e9nements embl\u00e9matiques comme les 24 Heures du Mans. Les pilotes et les \u00e9quipes doivent rester concentr\u00e9s et pers\u00e9v\u00e9rants tout au long de l&#8217;\u00e9preuve.<\/p>\n\n\n\n<h1 class=\"wp-block-heading\"><mark style=\"background-color:rgba(0, 0, 0, 0)\" class=\"has-inline-color has-luminous-vivid-orange-color\">Le travail d&#8217;\u00e9quipe<\/mark><\/h1>\n\n\n\n<p>La collaboration entre les pilotes, les ing\u00e9nieurs, les m\u00e9caniciens et les strat\u00e8ges est essentielle. Chaque membre de l&#8217;\u00e9quipe joue un r\u00f4le cl\u00e9 dans le succ\u00e8s global.<\/p>\n\n\n\n<h1 class=\"wp-block-heading\"><mark style=\"background-color:rgba(0, 0, 0, 0)\" class=\"has-inline-color has-luminous-vivid-orange-color\">La gestion de la fatigue<\/mark><\/h1>\n\n\n\n<p>Les pilotes doivent g\u00e9rer leur \u00e9nergie et leur concentration sur de longues p\u00e9riodes, souvent de nuit ou dans des conditions m\u00e9t\u00e9orologiques difficiles. Cela exige une discipline et une forme physique optimales.<\/p>\n\n\n\n<h1 class=\"wp-block-heading\"><mark style=\"background-color:rgba(0, 0, 0, 0)\" class=\"has-inline-color has-luminous-vivid-orange-color\">La r\u00e9gularit\u00e9 et la constance<\/mark><\/h1>\n\n\n\n<p>En endurance, il ne s&#8217;agit pas uniquement d&#8217;\u00eatre le plus rapide. Il est essentiel de maintenir une vitesse constante tout en \u00e9vitant les erreurs, car les \u00e9carts de temps se creusent sur la dur\u00e9e.<\/p>\n\n\n\n<h1 class=\"wp-block-heading\"><mark style=\"background-color:rgba(0, 0, 0, 0)\" class=\"has-inline-color has-luminous-vivid-orange-color\">La ma\u00eetrise technique<\/mark><\/h1>\n\n\n\n<p>Les pilotes doivent avoir une connaissance approfondie de leur voiture et savoir s\u2019adapter \u00e0 l\u2019\u00e9volution des conditions de course (changement de temp\u00e9rature, de m\u00e9t\u00e9o, d\u2019usure des pneus, etc.).<\/p>\n\n\n\n<h1 class=\"wp-block-heading\"><mark style=\"background-color:rgba(0, 0, 0, 0)\" class=\"has-inline-color has-luminous-vivid-orange-color\">La gestion du risque<\/mark><\/h1>\n\n\n\n<p>Contrairement \u00e0 d&#8217;autres disciplines o\u00f9 l&#8217;agressivit\u00e9 peut payer, l&#8217;endurance exige une gestion prudente des risques. Une approche trop risqu\u00e9e peut co\u00fbter cher en termes de panne ou de sortie de piste.<\/p>\n\n\n\n<h2 class=\"wp-block-heading\"><mark style=\"background-color:rgba(0, 0, 0, 0)\" class=\"has-inline-color has-luminous-vivid-orange-color\">La r\u00e9silience<\/mark><\/h2>\n\n\n\n<p>Face aux impr\u00e9vus techniques, aux accidents ou aux incidents de course, il est crucial pour les \u00e9quipes de faire preuve de r\u00e9silience et de pouvoir rebondir rapidement pour rester comp\u00e9titifs.<\/p>\n\n\n\n<figure class=\"wp-block-pullquote\"><blockquote><p>Ces valeurs permettent aux \u00e9quipes et aux pilotes de r\u00e9ussir dans des courses o\u00f9 la dur\u00e9e et la constance sont souvent plus d\u00e9terminantes que la simple vitesse pure.<\/p><\/blockquote><\/figure>\n","protected":false},"excerpt":{"rendered":"<p>Notre format de pr\u00e9dilection est la course d\u2019endurance. En sport automobile, l&#8217;endurance est une discipline qui met \u00e0 l&#8217;\u00e9preuve non seulement les performances des voitures mais aussi la r\u00e9sistance physique et mentale des pilotes. Les principales valeurs mises en avant pour r\u00e9ussir dans cette discipline sont : La pers\u00e9v\u00e9rance Les courses d&#8217;endurance durent souvent plusieurs &hellip; <\/p>\n<p class=\"link-more\"><a href=\"https:\/\/nolimit4life.com\/index.php\/lendurance\/\" class=\"more-link\">Continuer la lecture<span class=\"screen-reader-text\"> de &laquo;&nbsp;L&#8217;endurance&nbsp;&raquo;<\/span><\/a><\/p>\n","protected":false},"author":1,"featured_media":0,"parent":0,"menu_order":0,"comment_status":"closed","ping_status":"closed","template":"","meta":{"footnotes":""},"class_list":["post-288","page","type-page","status-publish","hentry"],"_links":{"self":[{"href":"https:\/\/nolimit4life.com\/index.php\/wp-json\/wp\/v2\/pages\/288","targetHints":{"allow":["GET"]}}],"collection":[{"href":"https:\/\/nolimit4life.com\/index.php\/wp-json\/wp\/v2\/pages"}],"about":[{"href":"https:\/\/nolimit4life.com\/index.php\/wp-json\/wp\/v2\/types\/page"}],"author":[{"embeddable":true,"href":"https:\/\/nolimit4life.com\/index.php\/wp-json\/wp\/v2\/users\/1"}],"replies":[{"embeddable":true,"href":"https:\/\/nolimit4life.com\/index.php\/wp-json\/wp\/v2\/comments?post=288"}],"version-history":[{"count":1,"href":"https:\/\/nolimit4life.com\/index.php\/wp-json\/wp\/v2\/pages\/288\/revisions"}],"predecessor-version":[{"id":289,"href":"https:\/\/nolimit4life.com\/index.php\/wp-json\/wp\/v2\/pages\/288\/revisions\/289"}],"wp:attachment":[{"href":"https:\/\/nolimit4life.com\/index.php\/wp-json\/wp\/v2\/media?parent=288"}],"curies":[{"name":"wp","href":"https:\/\/api.w.org\/{rel}","templated":true}]}}