{"id":226,"date":"2024-09-14T16:59:20","date_gmt":"2024-09-14T14:59:20","guid":{"rendered":"https:\/\/nolimit4life.com\/?page_id=226"},"modified":"2024-09-24T19:37:44","modified_gmt":"2024-09-24T17:37:44","slug":"projet-fun-cup-2-au-coeur-de-la-piste","status":"publish","type":"page","link":"https:\/\/nolimit4life.com\/index.php\/projet-fun-cup-2-au-coeur-de-la-piste\/","title":{"rendered":"Projet Fun Cup 2 : Au c\u0153ur de la piste !"},"content":{"rendered":"\n<h1 class=\"wp-block-heading\"><mark style=\"background-color:rgba(0, 0, 0, 0)\" class=\"has-inline-color has-luminous-vivid-orange-color\">Pr\u00e9sentation<\/mark><\/h1>\n\n\n\n<p>Le 05 et 06 juillet 2025 se tient l\u2019Endurance Cup 25h de Spa-Francorchamps.<\/p>\n\n\n\n<p>Durant cet \u00e9v\u00e9nement, nous aurons la possibilit\u00e9 d\u2019envoyer des participants en biplace sur la piste pendant le d\u00e9roulement de la course !<\/p>\n\n\n\n<p>Accompagn\u00e9 par un pilote exp\u00e9riment\u00e9, ils attaqueront les virages mythiques de ce prestigieux circuit de F1 : La source, Eau rouge, Les combes, Stavelot, Blanchimont sans oublier \u2026 Le Raidillon !!! Tout ceci en se frayant un chemin parmi les autres voitures de course.<\/p>\n\n\n<div class=\"wp-block-image\">\n<figure class=\"aligncenter size-full is-resized\"><img fetchpriority=\"high\" decoding=\"async\" width=\"470\" height=\"490\" src=\"https:\/\/nolimit4life.com\/wp-content\/uploads\/2024\/09\/Plan-Circuit-Spa-Fancorchamps.webp\" alt=\"\" class=\"wp-image-229\" style=\"width:340px;height:auto\" srcset=\"https:\/\/nolimit4life.com\/wp-content\/uploads\/2024\/09\/Plan-Circuit-Spa-Fancorchamps.webp 470w, https:\/\/nolimit4life.com\/wp-content\/uploads\/2024\/09\/Plan-Circuit-Spa-Fancorchamps-288x300.webp 288w\" sizes=\"(max-width: 470px) 100vw, 470px\" \/><\/figure>\n<\/div>\n\n\n<p><strong>NB : en 2024, M3M se sont offert les services de Marco Sorensen, qui venait de remporter 2 mois avant les 6h de Spa pour Aston Martin !<\/strong><\/p>\n\n\n\n<p class=\"has-text-align-center\"><strong><mark style=\"background-color:rgba(0, 0, 0, 0)\" class=\"has-inline-color has-luminous-vivid-orange-color\">Un moment immersif dans la peau d\u2019un pilote !<\/mark><\/strong><\/p>\n\n\n\n<h1 class=\"wp-block-heading\"><mark style=\"background-color:rgba(0, 0, 0, 0)\" class=\"has-inline-color has-luminous-vivid-orange-color\">A qui s\u2019adresse cette prestation ?<\/mark><\/h1>\n\n\n\n<p>Cette prestation s\u2019adresse \u00e0 tout passionn\u00e9, en priorit\u00e9<\/p>\n\n\n\n<ul class=\"wp-block-list\">\n<li>Les personnes en situation de handicap<\/li>\n<\/ul>\n\n\n\n<ul class=\"wp-block-list\">\n<li>Les enfants malades<\/li>\n<\/ul>\n\n\n\n<h1 class=\"wp-block-heading\"><mark style=\"background-color:rgba(0, 0, 0, 0)\" class=\"has-inline-color has-luminous-vivid-orange-color\">Notre prestation<\/mark><\/h1>\n\n\n\n<ul class=\"wp-block-list\">\n<li>R\u00e9servation des billets<\/li>\n\n\n\n<li>Accompagnement et encadrement par les membres de l\u2019association<\/li>\n\n\n\n<li>En option : transport de Lille \u00e0 Spa-Francorchamps<\/li>\n<\/ul>\n\n\n\n<h1 class=\"wp-block-heading\"><mark style=\"background-color:rgba(0, 0, 0, 0)\" class=\"has-inline-color has-luminous-vivid-orange-color\">Ceci vous int\u00e9resse ?<\/mark><\/h1>\n\n\n\n<div class=\"wp-block-buttons is-layout-flex wp-block-buttons-is-layout-flex\">\n<div class=\"wp-block-button\"><a class=\"wp-block-button__link has-black-color has-luminous-vivid-amber-background-color has-text-color has-background has-link-color wp-element-button\" href=\"mailto:bertrand@nolimit4life.com?Subject=Projet Fun Cup : Au c\u0153ur de la piste !&amp;body=Bonjour.%0D%0A%0D%0AJe souhaite des renseignements concernant cette prestation.%0D%0AVoici mes coordonn\u00e9es :%0D%0A\">Nous contacter<\/a><\/div>\n<\/div>\n\n\n\n<p><\/p>\n","protected":false},"excerpt":{"rendered":"<p>Pr\u00e9sentation Le 05 et 06 juillet 2025 se tient l\u2019Endurance Cup 25h de Spa-Francorchamps. Durant cet \u00e9v\u00e9nement, nous aurons la possibilit\u00e9 d\u2019envoyer des participants en biplace sur la piste pendant le d\u00e9roulement de la course ! Accompagn\u00e9 par un pilote exp\u00e9riment\u00e9, ils attaqueront les virages mythiques de ce prestigieux circuit de F1 : La source, &hellip; <\/p>\n<p class=\"link-more\"><a href=\"https:\/\/nolimit4life.com\/index.php\/projet-fun-cup-2-au-coeur-de-la-piste\/\" class=\"more-link\">Continuer la lecture<span class=\"screen-reader-text\"> de &laquo;&nbsp;Projet Fun Cup 2 : Au c\u0153ur de la piste !&nbsp;&raquo;<\/span><\/a><\/p>\n","protected":false},"author":1,"featured_media":0,"parent":0,"menu_order":0,"comment_status":"closed","ping_status":"closed","template":"","meta":{"footnotes":""},"class_list":["post-226","page","type-page","status-publish","hentry"],"_links":{"self":[{"href":"https:\/\/nolimit4life.com\/index.php\/wp-json\/wp\/v2\/pages\/226","targetHints":{"allow":["GET"]}}],"collection":[{"href":"https:\/\/nolimit4life.com\/index.php\/wp-json\/wp\/v2\/pages"}],"about":[{"href":"https:\/\/nolimit4life.com\/index.php\/wp-json\/wp\/v2\/types\/page"}],"author":[{"embeddable":true,"href":"https:\/\/nolimit4life.com\/index.php\/wp-json\/wp\/v2\/users\/1"}],"replies":[{"embeddable":true,"href":"https:\/\/nolimit4life.com\/index.php\/wp-json\/wp\/v2\/comments?post=226"}],"version-history":[{"count":6,"href":"https:\/\/nolimit4life.com\/index.php\/wp-json\/wp\/v2\/pages\/226\/revisions"}],"predecessor-version":[{"id":412,"href":"https:\/\/nolimit4life.com\/index.php\/wp-json\/wp\/v2\/pages\/226\/revisions\/412"}],"wp:attachment":[{"href":"https:\/\/nolimit4life.com\/index.php\/wp-json\/wp\/v2\/media?parent=226"}],"curies":[{"name":"wp","href":"https:\/\/api.w.org\/{rel}","templated":true}]}}