{"id":221,"date":"2024-09-14T16:55:56","date_gmt":"2024-09-14T14:55:56","guid":{"rendered":"https:\/\/nolimit4life.com\/?page_id=221"},"modified":"2024-09-24T19:37:55","modified_gmt":"2024-09-24T17:37:55","slug":"projet-fun-cup-1-au-coeur-dune-ecurie","status":"publish","type":"page","link":"https:\/\/nolimit4life.com\/index.php\/projet-fun-cup-1-au-coeur-dune-ecurie\/","title":{"rendered":"Projet Fun Cup 1 : Au c\u0153ur d&#8217;une \u00e9curie !"},"content":{"rendered":"\n<h1 class=\"wp-block-heading\"><mark style=\"background-color:rgba(0, 0, 0, 0)\" class=\"has-inline-color has-luminous-vivid-orange-color\">Pr\u00e9sentation<\/mark><\/h1>\n\n\n\n<p>Le 05 et 06 juillet 2025 se tient l\u2019Endurance Cup 25h de Spa-Francorchamps.<\/p>\n\n\n\n<p>Durant cet \u00e9v\u00e9nement, nous serons accueillis au sein de l\u2019\u00e9curie M3M et \u00eatre ainsi au c\u0153ur de cette endurance.<\/p>\n\n\n\n<ul class=\"wp-block-list\">\n<li>Acc\u00e8s aux stands<\/li>\n\n\n\n<li>Acc\u00e8s \u00e0 la piste pour la mise en grille<\/li>\n\n\n\n<li>Acc\u00e8s \u00e0 l\u2019ensemble du complexe de Spa-Francorchamps<\/li>\n\n\n\n<li>Acc\u00e8s aux loges M3M<\/li>\n\n\n\n<li>Hospitalit\u00e9 comprenant 2 repas \/ journ\u00e9e (midi et soir)<\/li>\n<\/ul>\n\n\n\n<p class=\"has-text-align-center\"><mark style=\"background-color:rgba(0, 0, 0, 0)\" class=\"has-inline-color has-luminous-vivid-orange-color\"><strong>Un moment immersif au sein d\u2019une \u00e9curie multivictorieuses \u00e0 Spa.<\/strong><\/mark><\/p>\n\n\n\n<h1 class=\"wp-block-heading\"><mark style=\"background-color:rgba(0, 0, 0, 0)\" class=\"has-inline-color has-luminous-vivid-orange-color\">A qui s\u2019adresse cette prestation ?<\/mark><\/h1>\n\n\n\n<p>Cette prestation s\u2019adresse \u00e0 tout passionn\u00e9, en priorit\u00e9<\/p>\n\n\n\n<ul class=\"wp-block-list\">\n<li>Les personnes en situation de handicap<\/li>\n\n\n\n<li>Les enfants malades<\/li>\n<\/ul>\n\n\n\n<h1 class=\"wp-block-heading\"><mark style=\"background-color:rgba(0, 0, 0, 0)\" class=\"has-inline-color has-luminous-vivid-orange-color\">Notre prestation<\/mark><\/h1>\n\n\n\n<ul class=\"wp-block-list\">\n<li>R\u00e9servation des billets<\/li>\n\n\n\n<li>Accompagnement et encadrement par les membres de l\u2019association pendant les 2 jours<\/li>\n\n\n\n<li>Organisation d\u2019un tour de circuit \u00e0 pied (suivant la possibilit\u00e9 des participants)<\/li>\n\n\n\n<li>En option : transport de Lille \u00e0 Spa-Francorchamps<\/li>\n<\/ul>\n\n\n\n<h1 class=\"wp-block-heading\"><mark style=\"background-color:rgba(0, 0, 0, 0)\" class=\"has-inline-color has-luminous-vivid-orange-color\">Ceci vous int\u00e9resse ?<\/mark><\/h1>\n\n\n\n<div class=\"wp-block-buttons is-layout-flex wp-block-buttons-is-layout-flex\">\n<div class=\"wp-block-button\"><a class=\"wp-block-button__link has-black-color has-luminous-vivid-amber-background-color has-text-color has-background has-link-color wp-element-button\" href=\"mailto:bertrand@nolimit4life.com?Subject=Projet Fun Cup : Au c\u0153ur d\u2019une \u00e9curie !&amp;body=Bonjour.%0D%0A%0D%0AJe souhaite des renseignements concernant cette prestation.%0D%0AVoici mes coordonn\u00e9es :%0D%0A\">Nous contacter<\/a><\/div>\n<\/div>\n\n\n\n<p><\/p>\n","protected":false},"excerpt":{"rendered":"<p>Pr\u00e9sentation Le 05 et 06 juillet 2025 se tient l\u2019Endurance Cup 25h de Spa-Francorchamps. Durant cet \u00e9v\u00e9nement, nous serons accueillis au sein de l\u2019\u00e9curie M3M et \u00eatre ainsi au c\u0153ur de cette endurance. Un moment immersif au sein d\u2019une \u00e9curie multivictorieuses \u00e0 Spa. A qui s\u2019adresse cette prestation ? Cette prestation s\u2019adresse \u00e0 tout passionn\u00e9, &hellip; <\/p>\n<p class=\"link-more\"><a href=\"https:\/\/nolimit4life.com\/index.php\/projet-fun-cup-1-au-coeur-dune-ecurie\/\" class=\"more-link\">Continuer la lecture<span class=\"screen-reader-text\"> de &laquo;&nbsp;Projet Fun Cup 1 : Au c\u0153ur d&#8217;une \u00e9curie !&nbsp;&raquo;<\/span><\/a><\/p>\n","protected":false},"author":1,"featured_media":0,"parent":0,"menu_order":0,"comment_status":"closed","ping_status":"closed","template":"","meta":{"footnotes":""},"class_list":["post-221","page","type-page","status-publish","hentry"],"_links":{"self":[{"href":"https:\/\/nolimit4life.com\/index.php\/wp-json\/wp\/v2\/pages\/221","targetHints":{"allow":["GET"]}}],"collection":[{"href":"https:\/\/nolimit4life.com\/index.php\/wp-json\/wp\/v2\/pages"}],"about":[{"href":"https:\/\/nolimit4life.com\/index.php\/wp-json\/wp\/v2\/types\/page"}],"author":[{"embeddable":true,"href":"https:\/\/nolimit4life.com\/index.php\/wp-json\/wp\/v2\/users\/1"}],"replies":[{"embeddable":true,"href":"https:\/\/nolimit4life.com\/index.php\/wp-json\/wp\/v2\/comments?post=221"}],"version-history":[{"count":11,"href":"https:\/\/nolimit4life.com\/index.php\/wp-json\/wp\/v2\/pages\/221\/revisions"}],"predecessor-version":[{"id":414,"href":"https:\/\/nolimit4life.com\/index.php\/wp-json\/wp\/v2\/pages\/221\/revisions\/414"}],"wp:attachment":[{"href":"https:\/\/nolimit4life.com\/index.php\/wp-json\/wp\/v2\/media?parent=221"}],"curies":[{"name":"wp","href":"https:\/\/api.w.org\/{rel}","templated":true}]}}