{"id":213,"date":"2024-09-14T16:19:11","date_gmt":"2024-09-14T14:19:11","guid":{"rendered":"https:\/\/nolimit4life.com\/?page_id=213"},"modified":"2024-09-16T09:45:56","modified_gmt":"2024-09-16T07:45:56","slug":"la-fun-cup","status":"publish","type":"page","link":"https:\/\/nolimit4life.com\/index.php\/la-fun-cup\/","title":{"rendered":"La Fun Cup"},"content":{"rendered":"\n<p>Qu\u2019est-ce que la <mark style=\"background-color:rgba(0, 0, 0, 0)\" class=\"has-inline-color has-luminous-vivid-orange-color\">Fun Cup<\/mark> ?<\/p>\n\n\n\n<ul class=\"wp-block-list\">\n<li>La Fun Cup a \u00e9t\u00e9 cr\u00e9\u00e9e en <mark style=\"background-color:rgba(0, 0, 0, 0)\" class=\"has-inline-color has-luminous-vivid-orange-color\">1997 <\/mark>par les Belges Franz Dubois et Pascal Witmeur<\/li>\n\n\n\n<li>L\u2019id\u00e9e : rendre les courses automobiles accessibles et amusantes<\/li>\n\n\n\n<li>V\u00e9hicules utilis\u00e9s : ce sont des r\u00e9pliques modernes de la mythique <mark style=\"background-color:rgba(0, 0, 0, 0)\" class=\"has-inline-color has-luminous-vivid-orange-color\">Volkswagen Coccinelle<\/mark>, modifi\u00e9es pour la course avec un ch\u00e2ssis tubulaire, un moteur central et une carrosserie l\u00e9g\u00e8re en fibre de verre.<\/li>\n<\/ul>\n\n\n\n<p>La <mark style=\"background-color:rgba(0, 0, 0, 0)\" class=\"has-inline-color has-luminous-vivid-orange-color\">Fun Cup rassemble tous les pilotes<\/mark>, des gentlemen drivers aux plus exp\u00e9riment\u00e9s.<\/p>\n\n\n<div class=\"wp-block-image\">\n<figure class=\"aligncenter size-full is-resized\"><img fetchpriority=\"high\" decoding=\"async\" width=\"512\" height=\"185\" src=\"https:\/\/nolimit4life.com\/wp-content\/uploads\/2024\/09\/Logo-Fun-Cup.webp\" alt=\"\" class=\"wp-image-214\" style=\"width:268px;height:auto\" srcset=\"https:\/\/nolimit4life.com\/wp-content\/uploads\/2024\/09\/Logo-Fun-Cup.webp 512w, https:\/\/nolimit4life.com\/wp-content\/uploads\/2024\/09\/Logo-Fun-Cup-300x108.webp 300w\" sizes=\"(max-width: 512px) 100vw, 512px\" \/><\/figure>\n<\/div>\n\n\n<p>L\u2019esprit de la Fun Cup r\u00e9side dans le partage d\u2019une <mark style=\"background-color:rgba(0, 0, 0, 0)\" class=\"has-inline-color has-luminous-vivid-orange-color\">passion commune<\/mark> : le sport automobile<\/p>\n\n\n\n<p>Ces voitures sont de vraies voitures de comp\u00e9tition param\u00e9tr\u00e9es pour r\u00e9pondre aux exigences des courses d\u2019endurance tout en maintenant un niveau de performance identique entre toutes les \u00e9quipes par le biais de contr\u00f4le syst\u00e9matique lors de chaque course.<\/p>\n\n\n\n<p><mark style=\"background-color:rgba(0, 0, 0, 0)\" class=\"has-inline-color has-luminous-vivid-orange-color\">Principales sp\u00e9cificit\u00e9s techniques de ces voitures :<\/mark><\/p>\n\n\n\n<ul class=\"wp-block-list\">\n<li>Ch\u00e2ssis tubulaire, Carrosserie en fibre de verre<\/li>\n\n\n\n<li>Moteur central 2 litres (1 984 cm\u00b3) 4 cylindres \u00e0 injection, d\u2019origine Volkswagen, d\u00e9veloppant environ 175 chevaux<\/li>\n\n\n\n<li>Bo\u00eete de vitesses s\u00e9quentielle \u00e0 5 rapports<\/li>\n<\/ul>\n","protected":false},"excerpt":{"rendered":"<p>Qu\u2019est-ce que la Fun Cup ? La Fun Cup rassemble tous les pilotes, des gentlemen drivers aux plus exp\u00e9riment\u00e9s. L\u2019esprit de la Fun Cup r\u00e9side dans le partage d\u2019une passion commune : le sport automobile Ces voitures sont de vraies voitures de comp\u00e9tition param\u00e9tr\u00e9es pour r\u00e9pondre aux exigences des courses d\u2019endurance tout en maintenant un &hellip; <\/p>\n<p class=\"link-more\"><a href=\"https:\/\/nolimit4life.com\/index.php\/la-fun-cup\/\" class=\"more-link\">Continuer la lecture<span class=\"screen-reader-text\"> de &laquo;&nbsp;La Fun Cup&nbsp;&raquo;<\/span><\/a><\/p>\n","protected":false},"author":1,"featured_media":215,"parent":0,"menu_order":0,"comment_status":"closed","ping_status":"closed","template":"","meta":{"footnotes":""},"class_list":["post-213","page","type-page","status-publish","has-post-thumbnail","hentry"],"_links":{"self":[{"href":"https:\/\/nolimit4life.com\/index.php\/wp-json\/wp\/v2\/pages\/213","targetHints":{"allow":["GET"]}}],"collection":[{"href":"https:\/\/nolimit4life.com\/index.php\/wp-json\/wp\/v2\/pages"}],"about":[{"href":"https:\/\/nolimit4life.com\/index.php\/wp-json\/wp\/v2\/types\/page"}],"author":[{"embeddable":true,"href":"https:\/\/nolimit4life.com\/index.php\/wp-json\/wp\/v2\/users\/1"}],"replies":[{"embeddable":true,"href":"https:\/\/nolimit4life.com\/index.php\/wp-json\/wp\/v2\/comments?post=213"}],"version-history":[{"count":3,"href":"https:\/\/nolimit4life.com\/index.php\/wp-json\/wp\/v2\/pages\/213\/revisions"}],"predecessor-version":[{"id":309,"href":"https:\/\/nolimit4life.com\/index.php\/wp-json\/wp\/v2\/pages\/213\/revisions\/309"}],"wp:featuredmedia":[{"embeddable":true,"href":"https:\/\/nolimit4life.com\/index.php\/wp-json\/wp\/v2\/media\/215"}],"wp:attachment":[{"href":"https:\/\/nolimit4life.com\/index.php\/wp-json\/wp\/v2\/media?parent=213"}],"curies":[{"name":"wp","href":"https:\/\/api.w.org\/{rel}","templated":true}]}}