{"id":185,"date":"2024-09-13T20:18:45","date_gmt":"2024-09-13T18:18:45","guid":{"rendered":"https:\/\/nolimit4life.com\/?page_id=185"},"modified":"2024-09-16T11:39:49","modified_gmt":"2024-09-16T09:39:49","slug":"karting_prj2","status":"publish","type":"page","link":"https:\/\/nolimit4life.com\/index.php\/karting_prj2\/","title":{"rendered":"Projet karting 2 : Emmenez moi !"},"content":{"rendered":"\n<h1 class=\"wp-block-heading\"><mark style=\"background-color:rgba(0, 0, 0, 0)\" class=\"has-inline-color has-luminous-vivid-orange-color\">Pr\u00e9sentation<\/mark><\/h1>\n\n\n\n<p>Le <strong>kart biplace<\/strong> est une variante du kart traditionnel souvent utilis\u00e9 pour l\u2019initiation ou la formation. Il permet \u00e0 deux personnes de monter dans le m\u00eame kart.<\/p>\n\n\n\n<p>C\u2019est une fa\u00e7on de faire vivre les sensations fortes de la vitesse, l\u2019adr\u00e9naline des d\u00e9passements, la joie de la piste, tout simplement.<\/p>\n\n\n<div class=\"wp-block-image\">\n<figure class=\"aligncenter size-large is-resized\"><img fetchpriority=\"high\" decoding=\"async\" width=\"2560\" height=\"2560\" src=\"https:\/\/nolimit4life.com\/wp-content\/uploads\/2024\/09\/Karting-P2b-edited-scaled.webp\" alt=\"\" class=\"wp-image-187\" style=\"width:456px;height:auto\" srcset=\"https:\/\/nolimit4life.com\/wp-content\/uploads\/2024\/09\/Karting-P2b-edited-scaled.webp 2560w, https:\/\/nolimit4life.com\/wp-content\/uploads\/2024\/09\/Karting-P2b-edited-300x300.webp 300w, https:\/\/nolimit4life.com\/wp-content\/uploads\/2024\/09\/Karting-P2b-edited-1024x1024.webp 1024w, https:\/\/nolimit4life.com\/wp-content\/uploads\/2024\/09\/Karting-P2b-edited-150x150.webp 150w, https:\/\/nolimit4life.com\/wp-content\/uploads\/2024\/09\/Karting-P2b-edited-768x768.webp 768w, https:\/\/nolimit4life.com\/wp-content\/uploads\/2024\/09\/Karting-P2b-edited-1536x1536.webp 1536w, https:\/\/nolimit4life.com\/wp-content\/uploads\/2024\/09\/Karting-P2b-edited-2048x2048.webp 2048w, https:\/\/nolimit4life.com\/wp-content\/uploads\/2024\/09\/Karting-P2b-edited-100x100.webp 100w\" sizes=\"(max-width: 767px) 89vw, (max-width: 1000px) 54vw, (max-width: 1071px) 543px, 580px\" \/><\/figure>\n<\/div>\n\n\n<h1 class=\"wp-block-heading\"><mark style=\"background-color:rgba(0, 0, 0, 0)\" class=\"has-inline-color has-luminous-vivid-orange-color\">A qui s\u2019adresse cette prestation ?<\/mark><\/h1>\n\n\n\n<p>Ce kart nous permet d\u2019emmener :<\/p>\n\n\n\n<ul class=\"wp-block-list\">\n<li>Des personnes en situation de handicap,<\/li>\n\n\n\n<li>Des enfants malades,<\/li>\n\n\n\n<li>Tout passionn\u00e9 !<\/li>\n<\/ul>\n\n\n\n<h1 class=\"wp-block-heading\"><mark style=\"background-color:rgba(0, 0, 0, 0)\" class=\"has-inline-color has-luminous-vivid-orange-color\">Notre prestation<\/mark><\/h1>\n\n\n\n<ul class=\"wp-block-list\">\n<li>Pr\u00e9sentation du kart et installation<\/li>\n\n\n\n<li>Pr\u00e9sentation de la piste et des consignes<\/li>\n\n\n\n<li>Pilotage sur le circuit<\/li>\n\n\n\n<li>Pr\u00e9paration \u00e0 une \u00e9ventuelle sortie solo<\/li>\n\n\n\n<li>Instructions et conseils de pilotage<\/li>\n<\/ul>\n\n\n\n<h1 class=\"wp-block-heading\"><mark style=\"background-color:rgba(0, 0, 0, 0)\" class=\"has-inline-color has-luminous-vivid-orange-color\">Cela vous int\u00e9resse ?<\/mark><\/h1>\n\n\n\n<div class=\"wp-block-brad-border-box\">\t\t\t<iframe\n\t\t\t\tid=\"idIframe\"\n\t\t\t\tsrc=\"https:\/\/www.helloasso.com\/associations\/no-limit-4-life\/evenements\/karting-jpr-bi-place\/widget\"\n\t\t\t\theight=1300px\"\t\t\t\twidth=100%\"\t\t\t\tframeborder=\"0\"\n\t\t\t\tloading=\"lazy\"\n\t\t\t\tallowtransparency=\"true\"\n\t\t\t\tonload=\"resizeIframeMessage()\"><\/iframe>\n<\/div>\n\n\n\n<p><\/p>\n\n\n<div class=\"wp-block-image\">\n<figure class=\"aligncenter size-large is-resized\"><a href=\"https:\/\/www.helloasso.com\/associations\/no-limit-4-life\" target=\"_blank\" rel=\"noreferrer noopener\"><img decoding=\"async\" width=\"1024\" height=\"223\" src=\"http:\/\/nolimit4life.com\/wp-content\/uploads\/2024\/09\/Logo-HelloAsso-1024x223.webp\" alt=\"\" class=\"wp-image-196\" style=\"width:257px;height:auto\" srcset=\"https:\/\/nolimit4life.com\/wp-content\/uploads\/2024\/09\/Logo-HelloAsso-1024x223.webp 1024w, https:\/\/nolimit4life.com\/wp-content\/uploads\/2024\/09\/Logo-HelloAsso-300x65.webp 300w, https:\/\/nolimit4life.com\/wp-content\/uploads\/2024\/09\/Logo-HelloAsso-768x167.webp 768w, https:\/\/nolimit4life.com\/wp-content\/uploads\/2024\/09\/Logo-HelloAsso-1536x334.webp 1536w, https:\/\/nolimit4life.com\/wp-content\/uploads\/2024\/09\/Logo-HelloAsso-2048x446.webp 2048w\" sizes=\"(max-width: 767px) 89vw, (max-width: 1000px) 54vw, (max-width: 1071px) 543px, 580px\" \/><\/a><figcaption class=\"wp-element-caption\">Retrouvez-nous sur HelloAsso<\/figcaption><\/figure>\n<\/div>\n\n\n<p><\/p>\n","protected":false},"excerpt":{"rendered":"<p>Pr\u00e9sentation Le kart biplace est une variante du kart traditionnel souvent utilis\u00e9 pour l\u2019initiation ou la formation. Il permet \u00e0 deux personnes de monter dans le m\u00eame kart. C\u2019est une fa\u00e7on de faire vivre les sensations fortes de la vitesse, l\u2019adr\u00e9naline des d\u00e9passements, la joie de la piste, tout simplement. A qui s\u2019adresse cette prestation &hellip; <\/p>\n<p class=\"link-more\"><a href=\"https:\/\/nolimit4life.com\/index.php\/karting_prj2\/\" class=\"more-link\">Continuer la lecture<span class=\"screen-reader-text\"> de &laquo;&nbsp;Projet karting 2 : Emmenez moi !&nbsp;&raquo;<\/span><\/a><\/p>\n","protected":false},"author":1,"featured_media":0,"parent":0,"menu_order":0,"comment_status":"closed","ping_status":"closed","template":"","meta":{"footnotes":""},"class_list":["post-185","page","type-page","status-publish","hentry"],"_links":{"self":[{"href":"https:\/\/nolimit4life.com\/index.php\/wp-json\/wp\/v2\/pages\/185","targetHints":{"allow":["GET"]}}],"collection":[{"href":"https:\/\/nolimit4life.com\/index.php\/wp-json\/wp\/v2\/pages"}],"about":[{"href":"https:\/\/nolimit4life.com\/index.php\/wp-json\/wp\/v2\/types\/page"}],"author":[{"embeddable":true,"href":"https:\/\/nolimit4life.com\/index.php\/wp-json\/wp\/v2\/users\/1"}],"replies":[{"embeddable":true,"href":"https:\/\/nolimit4life.com\/index.php\/wp-json\/wp\/v2\/comments?post=185"}],"version-history":[{"count":18,"href":"https:\/\/nolimit4life.com\/index.php\/wp-json\/wp\/v2\/pages\/185\/revisions"}],"predecessor-version":[{"id":365,"href":"https:\/\/nolimit4life.com\/index.php\/wp-json\/wp\/v2\/pages\/185\/revisions\/365"}],"wp:attachment":[{"href":"https:\/\/nolimit4life.com\/index.php\/wp-json\/wp\/v2\/media?parent=185"}],"curies":[{"name":"wp","href":"https:\/\/api.w.org\/{rel}","templated":true}]}}